{"id":9503,"date":"2024-04-22T01:41:54","date_gmt":"2024-04-22T01:41:54","guid":{"rendered":"https:\/\/drbenoitbenoit.com\/?page_id=9503"},"modified":"2024-04-22T20:24:42","modified_gmt":"2024-04-22T20:24:42","slug":"loi-25","status":"publish","type":"page","link":"https:\/\/drbenoitbenoit.com\/fr\/loi-25\/","title":{"rendered":"Loi 25"},"content":{"rendered":"\n<div style=\"height:45px\" aria-hidden=\"true\" class=\"wp-block-spacer\"><\/div>\n\n\n\n<p>Politique de confidentialit\u00e9 :<\/p>\n\n\n\n<p>En conformit\u00e9 avec la Loi qu\u00e9b\u00e9coise visant la modernisation des dispositions l\u00e9gislatives en mati\u00e8re de protection des renseignements personnels (Loi 25), nous sommes engag\u00e9s \u00e0 prot\u00e9ger la vie priv\u00e9e de nos utilisateurs qu\u00e9b\u00e9cois. Cette politique de confidentialit\u00e9 vise \u00e0 vous informer de mani\u00e8re transparente sur la collecte, l&rsquo;utilisation et la protection de vos renseignements personnels.<\/p>\n\n\n\n<p>Types de renseignements personnels collect\u00e9s : Nous pouvons collecter des renseignements personnels tels que votre nom, votre adresse e-mail, votre adresse postale et d&rsquo;autres informations n\u00e9cessaires pour fournir nos services.<\/p>\n\n\n\n<p>Utilisation des renseignements personnels : Vos renseignements personnels peuvent \u00eatre utilis\u00e9s pour vous fournir nos services, r\u00e9pondre \u00e0 vos demandes, personnaliser votre exp\u00e9rience et communiquer avec vous.<\/p>\n\n\n\n<p>Divulgation \u00e0 des tiers : Nous ne partageons pas vos renseignements personnels avec des tiers, sauf dans les cas o\u00f9 cela est n\u00e9cessaire pour fournir nos services ou lorsque la loi l&rsquo;exige.<\/p>\n\n\n\n<p>Droits des r\u00e9sidents du Qu\u00e9bec : Vous avez le droit d&rsquo;acc\u00e9der \u00e0 vos renseignements personnels, de les corriger ou de les supprimer. Pour exercer ces droits ou poser des questions sur notre politique de confidentialit\u00e9, veuillez nous contacter au 514-331-1400<\/p>\n\n\n\n<p>Mise \u00e0 jour de notre politique de confidentialit\u00e9 : Nous nous engageons \u00e0 mettre r\u00e9guli\u00e8rement \u00e0 jour notre politique de confidentialit\u00e9 pour garantir sa conformit\u00e9 avec la Loi 25 et d&rsquo;autres lois sur la confidentialit\u00e9.<\/p>\n\n\n\n<p>Votre utilisation continue de notre site Web constitue votre acceptation de cette politique de confidentialit\u00e9. Si vous n&rsquo;acceptez pas cette politique, veuillez ne pas utiliser notre site Web.<\/p>\n\n\n\n<p>Date d&rsquo;entr\u00e9e en vigueur : Septembre 2023<\/p>\n","protected":false},"excerpt":{"rendered":"<p>Politique de confidentialit\u00e9 : En conformit\u00e9 avec la Loi qu\u00e9b\u00e9coise visant la modernisation des dispositions l\u00e9gislatives en mati\u00e8re de protection des renseignements personnels (Loi 25), nous sommes engag\u00e9s \u00e0 prot\u00e9ger la vie priv\u00e9e de nos utilisateurs qu\u00e9b\u00e9cois. Cette politique de confidentialit\u00e9 vise \u00e0 vous informer de mani\u00e8re transparente sur la collecte, l&rsquo;utilisation et la protection [&hellip;]<\/p>\n","protected":false},"author":990069,"featured_media":0,"parent":0,"menu_order":0,"comment_status":"closed","ping_status":"closed","template":"","meta":{"footnotes":""},"class_list":["post-9503","page","type-page","status-publish","hentry"],"yoast_head":"<!-- This site is optimized with the Yoast SEO plugin v27.5 - https:\/\/yoast.com\/product\/yoast-seo-wordpress\/ -->\n<title>Loi 25 - Dr. Benoit Benoit - Chirurgien Orthop\u00e9dique<\/title>\n<meta name=\"robots\" content=\"index, follow, max-snippet:-1, max-image-preview:large, max-video-preview:-1\" \/>\n<link rel=\"canonical\" href=\"https:\/\/drbenoitbenoit.com\/fr\/loi-25\/\" \/>\n<meta property=\"og:locale\" content=\"fr_CA\" \/>\n<meta property=\"og:type\" content=\"article\" \/>\n<meta property=\"og:title\" content=\"Loi 25 - Dr. Benoit Benoit - Chirurgien Orthop\u00e9dique\" \/>\n<meta property=\"og:description\" content=\"Politique de confidentialit\u00e9 : En conformit\u00e9 avec la Loi qu\u00e9b\u00e9coise visant la modernisation des dispositions l\u00e9gislatives en mati\u00e8re de protection des renseignements personnels (Loi 25), nous sommes engag\u00e9s \u00e0 prot\u00e9ger la vie priv\u00e9e de nos utilisateurs qu\u00e9b\u00e9cois. Cette politique de confidentialit\u00e9 vise \u00e0 vous informer de mani\u00e8re transparente sur la collecte, l&rsquo;utilisation et la protection [&hellip;]\" \/>\n<meta property=\"og:url\" content=\"https:\/\/drbenoitbenoit.com\/fr\/loi-25\/\" \/>\n<meta property=\"og:site_name\" content=\"Dr. Benoit Benoit - Chirurgien Orthop\u00e9dique\" \/>\n<meta property=\"article:modified_time\" content=\"2024-04-22T20:24:42+00:00\" \/>\n<meta property=\"og:image\" content=\"https:\/\/drbenoitbenoit.com\/wp-content\/uploads\/2024\/01\/Dr-Benoit_costume-operatoire_mobile-3.jpg\" \/>\n\t<meta property=\"og:image:width\" content=\"1951\" \/>\n\t<meta property=\"og:image:height\" content=\"870\" \/>\n\t<meta property=\"og:image:type\" content=\"image\/jpeg\" \/>\n<meta name=\"twitter:card\" content=\"summary_large_image\" \/>\n<script type=\"application\/ld+json\" class=\"yoast-schema-graph\">{\"@context\":\"https:\\\/\\\/schema.org\",\"@graph\":[{\"@type\":\"WebPage\",\"@id\":\"https:\\\/\\\/drbenoitbenoit.com\\\/fr\\\/loi-25\\\/\",\"url\":\"https:\\\/\\\/drbenoitbenoit.com\\\/fr\\\/loi-25\\\/\",\"name\":\"Loi 25 - Dr. Benoit Benoit - Chirurgien Orthop\u00e9dique\",\"isPartOf\":{\"@id\":\"https:\\\/\\\/drbenoitbenoit.com\\\/fr\\\/#website\"},\"datePublished\":\"2024-04-22T01:41:54+00:00\",\"dateModified\":\"2024-04-22T20:24:42+00:00\",\"breadcrumb\":{\"@id\":\"https:\\\/\\\/drbenoitbenoit.com\\\/fr\\\/loi-25\\\/#breadcrumb\"},\"inLanguage\":\"fr-CA\",\"potentialAction\":[{\"@type\":\"ReadAction\",\"target\":[\"https:\\\/\\\/drbenoitbenoit.com\\\/fr\\\/loi-25\\\/\"]}]},{\"@type\":\"BreadcrumbList\",\"@id\":\"https:\\\/\\\/drbenoitbenoit.com\\\/fr\\\/loi-25\\\/#breadcrumb\",\"itemListElement\":[{\"@type\":\"ListItem\",\"position\":1,\"name\":\"Accueil\",\"item\":\"https:\\\/\\\/drbenoitbenoit.com\\\/fr\\\/\"},{\"@type\":\"ListItem\",\"position\":2,\"name\":\"Loi 25\"}]},{\"@type\":\"WebSite\",\"@id\":\"https:\\\/\\\/drbenoitbenoit.com\\\/fr\\\/#website\",\"url\":\"https:\\\/\\\/drbenoitbenoit.com\\\/fr\\\/\",\"name\":\"Dr. Benoit Benoit - Chirurgien Orthop\u00e9dique\",\"description\":\"\",\"publisher\":{\"@id\":\"https:\\\/\\\/drbenoitbenoit.com\\\/fr\\\/#organization\"},\"potentialAction\":[{\"@type\":\"SearchAction\",\"target\":{\"@type\":\"EntryPoint\",\"urlTemplate\":\"https:\\\/\\\/drbenoitbenoit.com\\\/fr\\\/?s={search_term_string}\"},\"query-input\":{\"@type\":\"PropertyValueSpecification\",\"valueRequired\":true,\"valueName\":\"search_term_string\"}}],\"inLanguage\":\"fr-CA\"},{\"@type\":\"Organization\",\"@id\":\"https:\\\/\\\/drbenoitbenoit.com\\\/fr\\\/#organization\",\"name\":\"Dr Benoit Benoit\",\"url\":\"https:\\\/\\\/drbenoitbenoit.com\\\/fr\\\/\",\"logo\":{\"@type\":\"ImageObject\",\"inLanguage\":\"fr-CA\",\"@id\":\"https:\\\/\\\/drbenoitbenoit.com\\\/fr\\\/#\\\/schema\\\/logo\\\/image\\\/\",\"url\":\"https:\\\/\\\/drbenoitbenoit.com\\\/wp-content\\\/uploads\\\/2022\\\/04\\\/cropped-Favicon-Dr-Benoit_2022-1.png\",\"contentUrl\":\"https:\\\/\\\/drbenoitbenoit.com\\\/wp-content\\\/uploads\\\/2022\\\/04\\\/cropped-Favicon-Dr-Benoit_2022-1.png\",\"width\":512,\"height\":512,\"caption\":\"Dr Benoit Benoit\"},\"image\":{\"@id\":\"https:\\\/\\\/drbenoitbenoit.com\\\/fr\\\/#\\\/schema\\\/logo\\\/image\\\/\"}}]}<\/script>\n<!-- \/ Yoast SEO plugin. -->","yoast_head_json":{"title":"Loi 25 - Dr. Benoit Benoit - Chirurgien Orthop\u00e9dique","robots":{"index":"index","follow":"follow","max-snippet":"max-snippet:-1","max-image-preview":"max-image-preview:large","max-video-preview":"max-video-preview:-1"},"canonical":"https:\/\/drbenoitbenoit.com\/fr\/loi-25\/","og_locale":"fr_CA","og_type":"article","og_title":"Loi 25 - Dr. Benoit Benoit - Chirurgien Orthop\u00e9dique","og_description":"Politique de confidentialit\u00e9 : En conformit\u00e9 avec la Loi qu\u00e9b\u00e9coise visant la modernisation des dispositions l\u00e9gislatives en mati\u00e8re de protection des renseignements personnels (Loi 25), nous sommes engag\u00e9s \u00e0 prot\u00e9ger la vie priv\u00e9e de nos utilisateurs qu\u00e9b\u00e9cois. Cette politique de confidentialit\u00e9 vise \u00e0 vous informer de mani\u00e8re transparente sur la collecte, l&rsquo;utilisation et la protection [&hellip;]","og_url":"https:\/\/drbenoitbenoit.com\/fr\/loi-25\/","og_site_name":"Dr. Benoit Benoit - Chirurgien Orthop\u00e9dique","article_modified_time":"2024-04-22T20:24:42+00:00","og_image":[{"width":1951,"height":870,"url":"https:\/\/drbenoitbenoit.com\/wp-content\/uploads\/2024\/01\/Dr-Benoit_costume-operatoire_mobile-3.jpg","type":"image\/jpeg"}],"twitter_card":"summary_large_image","schema":{"@context":"https:\/\/schema.org","@graph":[{"@type":"WebPage","@id":"https:\/\/drbenoitbenoit.com\/fr\/loi-25\/","url":"https:\/\/drbenoitbenoit.com\/fr\/loi-25\/","name":"Loi 25 - Dr. Benoit Benoit - Chirurgien Orthop\u00e9dique","isPartOf":{"@id":"https:\/\/drbenoitbenoit.com\/fr\/#website"},"datePublished":"2024-04-22T01:41:54+00:00","dateModified":"2024-04-22T20:24:42+00:00","breadcrumb":{"@id":"https:\/\/drbenoitbenoit.com\/fr\/loi-25\/#breadcrumb"},"inLanguage":"fr-CA","potentialAction":[{"@type":"ReadAction","target":["https:\/\/drbenoitbenoit.com\/fr\/loi-25\/"]}]},{"@type":"BreadcrumbList","@id":"https:\/\/drbenoitbenoit.com\/fr\/loi-25\/#breadcrumb","itemListElement":[{"@type":"ListItem","position":1,"name":"Accueil","item":"https:\/\/drbenoitbenoit.com\/fr\/"},{"@type":"ListItem","position":2,"name":"Loi 25"}]},{"@type":"WebSite","@id":"https:\/\/drbenoitbenoit.com\/fr\/#website","url":"https:\/\/drbenoitbenoit.com\/fr\/","name":"Dr. Benoit Benoit - Chirurgien Orthop\u00e9dique","description":"","publisher":{"@id":"https:\/\/drbenoitbenoit.com\/fr\/#organization"},"potentialAction":[{"@type":"SearchAction","target":{"@type":"EntryPoint","urlTemplate":"https:\/\/drbenoitbenoit.com\/fr\/?s={search_term_string}"},"query-input":{"@type":"PropertyValueSpecification","valueRequired":true,"valueName":"search_term_string"}}],"inLanguage":"fr-CA"},{"@type":"Organization","@id":"https:\/\/drbenoitbenoit.com\/fr\/#organization","name":"Dr Benoit Benoit","url":"https:\/\/drbenoitbenoit.com\/fr\/","logo":{"@type":"ImageObject","inLanguage":"fr-CA","@id":"https:\/\/drbenoitbenoit.com\/fr\/#\/schema\/logo\/image\/","url":"https:\/\/drbenoitbenoit.com\/wp-content\/uploads\/2022\/04\/cropped-Favicon-Dr-Benoit_2022-1.png","contentUrl":"https:\/\/drbenoitbenoit.com\/wp-content\/uploads\/2022\/04\/cropped-Favicon-Dr-Benoit_2022-1.png","width":512,"height":512,"caption":"Dr Benoit Benoit"},"image":{"@id":"https:\/\/drbenoitbenoit.com\/fr\/#\/schema\/logo\/image\/"}}]}},"_links":{"self":[{"href":"https:\/\/drbenoitbenoit.com\/fr\/wp-json\/wp\/v2\/pages\/9503","targetHints":{"allow":["GET"]}}],"collection":[{"href":"https:\/\/drbenoitbenoit.com\/fr\/wp-json\/wp\/v2\/pages"}],"about":[{"href":"https:\/\/drbenoitbenoit.com\/fr\/wp-json\/wp\/v2\/types\/page"}],"author":[{"embeddable":true,"href":"https:\/\/drbenoitbenoit.com\/fr\/wp-json\/wp\/v2\/users\/990069"}],"replies":[{"embeddable":true,"href":"https:\/\/drbenoitbenoit.com\/fr\/wp-json\/wp\/v2\/comments?post=9503"}],"version-history":[{"count":5,"href":"https:\/\/drbenoitbenoit.com\/fr\/wp-json\/wp\/v2\/pages\/9503\/revisions"}],"predecessor-version":[{"id":9571,"href":"https:\/\/drbenoitbenoit.com\/fr\/wp-json\/wp\/v2\/pages\/9503\/revisions\/9571"}],"wp:attachment":[{"href":"https:\/\/drbenoitbenoit.com\/fr\/wp-json\/wp\/v2\/media?parent=9503"}],"curies":[{"name":"wp","href":"https:\/\/api.w.org\/{rel}","templated":true}]}}