{"id":9438,"date":"2024-04-21T12:48:22","date_gmt":"2024-04-21T12:48:22","guid":{"rendered":"https:\/\/drbenoitbenoit.com\/?page_id=9438"},"modified":"2024-04-21T13:34:02","modified_gmt":"2024-04-21T13:34:02","slug":"mentions-legales","status":"publish","type":"page","link":"https:\/\/drbenoitbenoit.com\/fr\/mentions-legales\/","title":{"rendered":"Mentions L\u00e9gales"},"content":{"rendered":"\n<div style=\"height:66px\" aria-hidden=\"true\" class=\"wp-block-spacer\"><\/div>\n\n\n\n<p>Le site www.drbenoitbenoit.com que vous visitez actuellement est la propri\u00e9t\u00e9 de (\u00ab Beno\u00eet Beno\u00eet \u00bb), 5777 Boul Gouin O suite 370, Montr\u00e9al, QC H4J 1E3 (ci-apr\u00e8s : le \u00ab Site \u00bb). En acc\u00e9dant au Site et en naviguant sur celui-ci, vous acceptez les pr\u00e9sentes Conditions d\u2019utilisation. \u00c0 tout moment, Beno\u00eet Beno\u00eet se r\u00e9serve le droit de modifier les pr\u00e9sentes Conditions d\u2019utilisation. Votre utilisation du Site apr\u00e8s les changements confirmera que vous acceptez d\u2019\u00eatre li\u00e9 par les nouvelles Conditions d\u2019utilisation.<\/p>\n\n\n\n<h4 class=\"wp-block-heading\">Limitation de responsabilit\u00e9<\/h4>\n\n\n\n<p>Bien que Beno\u00eet Beno\u00eet d\u00e9ploie tous les efforts raisonnables pour assurer l\u2019exactitude des renseignements et documents sur son Site, ce dernier ainsi que ses \u00e9l\u00e9ments sont fournis tels quels, sans aucune garantie de quelque sorte, implicite ou explicite, notamment quant \u00e0 leur exactitude, leur int\u00e9gralit\u00e9 ou leur mise \u00e0 jour. Beno\u00eet Beno\u00eet, ses soci\u00e9t\u00e9s affili\u00e9es, leurs associ\u00e9s, actionnaires, administrateurs, dirigeants, employ\u00e9s, agents et repr\u00e9sentants ne pourront en aucun cas \u00eatre tenus responsables de tout dommage reli\u00e9 directement ou indirectement \u00e0 l\u2019utilisation du site et\/ou de son contenu.<\/p>\n\n\n\n<p>D\u2019aucune fa\u00e7on Beno\u00eet Beno\u00eet ne garantit que le Site sera accessible ou fonctionnel sans interruption et que son contenu est exempt de toute erreur, de tout virus, d\u00e9faut, \u00e9l\u00e9ment nuisible ou autre composante mat\u00e9riellement dommageable. Beno\u00eet Beno\u00eet, ses soci\u00e9t\u00e9s affili\u00e9es, leurs associ\u00e9s, actionnaires, administrateurs, dirigeants, employ\u00e9s, agents et repr\u00e9sentants se d\u00e9gagent de toute responsabilit\u00e9 relativement au mauvais fonctionnement de toute composante informatique, de tout logiciel ou de toute ligne de communication, relativement \u00e0 la perte ou \u00e0 l\u2019absence de communication r\u00e9seau ou relativement \u00e0 toute transmission d\u00e9faillante, incompl\u00e8te, incompr\u00e9hensible ou effac\u00e9e par tout ordinateur ou tout r\u00e9seau et qui peut limiter pour toute personne la possibilit\u00e9 d\u2019acc\u00e9der au site ou l\u2019en emp\u00eacher. Beno\u00eet Beno\u00eet, ses soci\u00e9t\u00e9s affili\u00e9es, leurs associ\u00e9s, actionnaires, administrateurs, dirigeants, employ\u00e9s, agents et repr\u00e9sentants se d\u00e9gagent aussi de toute responsabilit\u00e9 pour tout dommage ou toute perte pouvant \u00eatre caus\u00e9s, directement ou indirectement, en tout ou en partie, par le t\u00e9l\u00e9chargement de toute page Internet ou de tout logiciel et par la transmission de toute information li\u00e9e \u00e0 la navigation sur le Site.<\/p>\n\n\n\n<h4 class=\"wp-block-heading\">Propri\u00e9t\u00e9 intellectuelle<\/h4>\n\n\n\n<p>Le contenu du Site est prot\u00e9g\u00e9 par la Loi sur le droit d\u2019auteur et la Loi sur les marques de commerce du Canada, et par les conventions internationales applicables. Sauf indication contraire sp\u00e9cifi\u00e9e sur le Site ou dans les pr\u00e9sentes, il est interdit de copier, reproduire, distribuer, publier, traduire, t\u00e9l\u00e9charger, t\u00e9l\u00e9transmettre, afficher ou transmettre de quelque fa\u00e7on que ce soit, tout \u00e9l\u00e9ment de ce Site, y compris, mais sans s\u2019y limiter, le contenu, les donn\u00e9es, textes, images, bandes vid\u00e9o et audio, codes et logiciels, sans la permission pr\u00e9alable \u00e9crite de Beno\u00eet Beno\u00eet. Il est cependant permis d\u2019afficher, de garder en m\u00e9moire, de t\u00e9l\u00e9charger ou d\u2019imprimer tout contenu du Site, mais uniquement \u00e0 des fins personnelles et en autant qu\u2019il ne soit pas modifi\u00e9.<\/p>\n\n\n\n<p>Beno\u00eet Beno\u00eet et \u00ab RateMDs \u00bb sont des marques de commerce prot\u00e9g\u00e9es par la loi. Il est strictement d\u00e9fendu d\u2019utiliser les marques de commerce et les noms commerciaux contenus dans le site autrement que d\u2019une mani\u00e8re autoris\u00e9e par la pr\u00e9sente ou avec le consentement \u00e9crit de Beno\u00eet Beno\u00eet.<\/p>\n\n\n\n<h4 class=\"wp-block-heading\">Hyperliens ext\u00e9rieurs affich\u00e9s sur notre Site<\/h4>\n\n\n\n<p>Notre Site peut inclure des hyperliens vers d\u2019autres sites Internet ind\u00e9pendants de notre Site. Ces liens vous sont fournis par courtoisie. Beno\u00eet Beno\u00eet n\u2019est pas responsable du contenu de ces sites et ne l\u2019endosse pas. Beno\u00eet Beno\u00eet ne peut \u00eatre tenu responsable des dommages, de quelque nature que ce soit, d\u00e9coulant de la navigation et de l\u2019utilisation de ces sites.<\/p>\n\n\n\n<h4 class=\"wp-block-heading\">Restrictions relatives \u00e0 l\u2019acc\u00e8s<\/h4>\n\n\n\n<p>Beno\u00eet Beno\u00eet se r\u00e9serve le droit en tout temps, de suspendre ou d\u2019annuler le profil d\u2019un utilisateur et ce, \u00e0 sa seule discr\u00e9tion et sans pr\u00e9avis. Beno\u00eet Beno\u00eet se r\u00e9serve \u00e9galement le droit de restreindre l\u2019acc\u00e8s d\u2019un utilisateur au Site, en tout ou en partie. Beno\u00eet Beno\u00eet ne pourra \u00eatre tenue responsable d\u2019une telle suspension, annulation ou restriction.<\/p>\n\n\n\n<h4 class=\"wp-block-heading\">Absence d\u2019avis m\u00e9dical et de relation m\u00e9decin-patient<\/h4>\n\n\n\n<p>L\u2019information contenue au pr\u00e9sent Site, bien qu\u2019elle soit de nature m\u00e9dicale, ne saurait constituer un avis m\u00e9dical ou une opinion \u00e0 cet \u00e9gard. L\u2019information n\u2019est fournie qu\u2019\u00e0 titre informatif et Beno\u00eet Beno\u00eet ne pr\u00e9tend pas exposer l\u2019\u00e9tat complet de la m\u00e9decine sur les sujets y trait\u00e9s. Les utilisateurs ne devraient d\u2019aucune fa\u00e7on prendre des d\u00e9cisions uniquement sur la base des informations obtenues sur le pr\u00e9sent Site sans obtenir les conseils d\u2019un professionnel de la sant\u00e9.<\/p>\n\n\n\n<p>Aucune relation m\u00e9decin-patient n\u2019est form\u00e9e suite \u00e0 la navigation sur le Site et l\u2019utilisation de l\u2019information s\u2019y trouvant, suite \u00e0 l\u2019envoi d\u2019un courrier \u00e9lectronique ou suite \u00e0 une communication via le Site.<\/p>\n\n\n\n<p>De plus, notez qu\u2019aucune communication via notre Site ou par courrier \u00e9lectronique n\u2019est parfaitement s\u00e9curitaire.<\/p>\n\n\n\n<h4 class=\"wp-block-heading\">Lois applicables<\/h4>\n\n\n\n<p>Les lois de la province de Qu\u00e9bec et du Canada s\u2019appliquent \u00e0 l\u2019utilisation du pr\u00e9sent Site peu importe votre lieu de r\u00e9sidence ou votre emplacement. Vous acceptez et vous vous soumettez par les pr\u00e9sentes \u00e0 la comp\u00e9tence exclusive des tribunaux du Qu\u00e9bec relativement \u00e0 tout litige concernant l\u2019acc\u00e8s et l\u2019utilisation du pr\u00e9sent site.<\/p>\n","protected":false},"excerpt":{"rendered":"<p>Le site www.drbenoitbenoit.com que vous visitez actuellement est la propri\u00e9t\u00e9 de (\u00ab Beno\u00eet Beno\u00eet \u00bb), 5777 Boul Gouin O suite 370, Montr\u00e9al, QC H4J 1E3 (ci-apr\u00e8s : le \u00ab Site \u00bb). En acc\u00e9dant au Site et en naviguant sur celui-ci, vous acceptez les pr\u00e9sentes Conditions d\u2019utilisation. \u00c0 tout moment, Beno\u00eet Beno\u00eet se r\u00e9serve le droit [&hellip;]<\/p>\n","protected":false},"author":990069,"featured_media":9349,"parent":0,"menu_order":0,"comment_status":"closed","ping_status":"closed","template":"","meta":{"footnotes":""},"class_list":["post-9438","page","type-page","status-publish","has-post-thumbnail","hentry"],"yoast_head":"<!-- This site is optimized with the Yoast SEO plugin v27.4 - https:\/\/yoast.com\/product\/yoast-seo-wordpress\/ -->\n<title>Mentions L\u00e9gales - Dr. Benoit Benoit - Chirurgien Orthop\u00e9dique<\/title>\n<meta name=\"robots\" content=\"index, follow, max-snippet:-1, max-image-preview:large, max-video-preview:-1\" \/>\n<link rel=\"canonical\" href=\"https:\/\/drbenoitbenoit.com\/fr\/mentions-legales\/\" \/>\n<meta property=\"og:locale\" content=\"fr_CA\" \/>\n<meta property=\"og:type\" content=\"article\" \/>\n<meta property=\"og:title\" content=\"Mentions L\u00e9gales - Dr. Benoit Benoit - Chirurgien Orthop\u00e9dique\" \/>\n<meta property=\"og:description\" content=\"Le site www.drbenoitbenoit.com que vous visitez actuellement est la propri\u00e9t\u00e9 de (\u00ab Beno\u00eet Beno\u00eet \u00bb), 5777 Boul Gouin O suite 370, Montr\u00e9al, QC H4J 1E3 (ci-apr\u00e8s : le \u00ab Site \u00bb). En acc\u00e9dant au Site et en naviguant sur celui-ci, vous acceptez les pr\u00e9sentes Conditions d\u2019utilisation. \u00c0 tout moment, Beno\u00eet Beno\u00eet se r\u00e9serve le droit [&hellip;]\" \/>\n<meta property=\"og:url\" content=\"https:\/\/drbenoitbenoit.com\/fr\/mentions-legales\/\" \/>\n<meta property=\"og:site_name\" content=\"Dr. Benoit Benoit - Chirurgien Orthop\u00e9dique\" \/>\n<meta property=\"article:modified_time\" content=\"2024-04-21T13:34:02+00:00\" \/>\n<meta property=\"og:image\" content=\"https:\/\/drbenoitbenoit.com\/wp-content\/uploads\/2024\/04\/4-Dr.-Benoit-19.png\" \/>\n\t<meta property=\"og:image:width\" content=\"1920\" \/>\n\t<meta property=\"og:image:height\" content=\"855\" \/>\n\t<meta property=\"og:image:type\" content=\"image\/png\" \/>\n<meta name=\"twitter:card\" content=\"summary_large_image\" \/>\n<script type=\"application\/ld+json\" class=\"yoast-schema-graph\">{\"@context\":\"https:\\\/\\\/schema.org\",\"@graph\":[{\"@type\":\"WebPage\",\"@id\":\"https:\\\/\\\/drbenoitbenoit.com\\\/fr\\\/mentions-legales\\\/\",\"url\":\"https:\\\/\\\/drbenoitbenoit.com\\\/fr\\\/mentions-legales\\\/\",\"name\":\"Mentions L\u00e9gales - Dr. Benoit Benoit - Chirurgien Orthop\u00e9dique\",\"isPartOf\":{\"@id\":\"https:\\\/\\\/drbenoitbenoit.com\\\/fr\\\/#website\"},\"primaryImageOfPage\":{\"@id\":\"https:\\\/\\\/drbenoitbenoit.com\\\/fr\\\/mentions-legales\\\/#primaryimage\"},\"image\":{\"@id\":\"https:\\\/\\\/drbenoitbenoit.com\\\/fr\\\/mentions-legales\\\/#primaryimage\"},\"thumbnailUrl\":\"https:\\\/\\\/drbenoitbenoit.com\\\/wp-content\\\/uploads\\\/2024\\\/04\\\/4-Dr.-Benoit-19.png\",\"datePublished\":\"2024-04-21T12:48:22+00:00\",\"dateModified\":\"2024-04-21T13:34:02+00:00\",\"breadcrumb\":{\"@id\":\"https:\\\/\\\/drbenoitbenoit.com\\\/fr\\\/mentions-legales\\\/#breadcrumb\"},\"inLanguage\":\"fr-CA\",\"potentialAction\":[{\"@type\":\"ReadAction\",\"target\":[\"https:\\\/\\\/drbenoitbenoit.com\\\/fr\\\/mentions-legales\\\/\"]}]},{\"@type\":\"ImageObject\",\"inLanguage\":\"fr-CA\",\"@id\":\"https:\\\/\\\/drbenoitbenoit.com\\\/fr\\\/mentions-legales\\\/#primaryimage\",\"url\":\"https:\\\/\\\/drbenoitbenoit.com\\\/wp-content\\\/uploads\\\/2024\\\/04\\\/4-Dr.-Benoit-19.png\",\"contentUrl\":\"https:\\\/\\\/drbenoitbenoit.com\\\/wp-content\\\/uploads\\\/2024\\\/04\\\/4-Dr.-Benoit-19.png\",\"width\":1920,\"height\":855},{\"@type\":\"BreadcrumbList\",\"@id\":\"https:\\\/\\\/drbenoitbenoit.com\\\/fr\\\/mentions-legales\\\/#breadcrumb\",\"itemListElement\":[{\"@type\":\"ListItem\",\"position\":1,\"name\":\"Accueil\",\"item\":\"https:\\\/\\\/drbenoitbenoit.com\\\/fr\\\/\"},{\"@type\":\"ListItem\",\"position\":2,\"name\":\"Mentions L\u00e9gales\"}]},{\"@type\":\"WebSite\",\"@id\":\"https:\\\/\\\/drbenoitbenoit.com\\\/fr\\\/#website\",\"url\":\"https:\\\/\\\/drbenoitbenoit.com\\\/fr\\\/\",\"name\":\"Dr. Benoit Benoit - Chirurgien Orthop\u00e9dique\",\"description\":\"\",\"publisher\":{\"@id\":\"https:\\\/\\\/drbenoitbenoit.com\\\/fr\\\/#organization\"},\"potentialAction\":[{\"@type\":\"SearchAction\",\"target\":{\"@type\":\"EntryPoint\",\"urlTemplate\":\"https:\\\/\\\/drbenoitbenoit.com\\\/fr\\\/?s={search_term_string}\"},\"query-input\":{\"@type\":\"PropertyValueSpecification\",\"valueRequired\":true,\"valueName\":\"search_term_string\"}}],\"inLanguage\":\"fr-CA\"},{\"@type\":\"Organization\",\"@id\":\"https:\\\/\\\/drbenoitbenoit.com\\\/fr\\\/#organization\",\"name\":\"Dr Benoit Benoit\",\"url\":\"https:\\\/\\\/drbenoitbenoit.com\\\/fr\\\/\",\"logo\":{\"@type\":\"ImageObject\",\"inLanguage\":\"fr-CA\",\"@id\":\"https:\\\/\\\/drbenoitbenoit.com\\\/fr\\\/#\\\/schema\\\/logo\\\/image\\\/\",\"url\":\"https:\\\/\\\/drbenoitbenoit.com\\\/wp-content\\\/uploads\\\/2022\\\/04\\\/cropped-Favicon-Dr-Benoit_2022-1.png\",\"contentUrl\":\"https:\\\/\\\/drbenoitbenoit.com\\\/wp-content\\\/uploads\\\/2022\\\/04\\\/cropped-Favicon-Dr-Benoit_2022-1.png\",\"width\":512,\"height\":512,\"caption\":\"Dr Benoit Benoit\"},\"image\":{\"@id\":\"https:\\\/\\\/drbenoitbenoit.com\\\/fr\\\/#\\\/schema\\\/logo\\\/image\\\/\"}}]}<\/script>\n<!-- \/ Yoast SEO plugin. -->","yoast_head_json":{"title":"Mentions L\u00e9gales - Dr. Benoit Benoit - Chirurgien Orthop\u00e9dique","robots":{"index":"index","follow":"follow","max-snippet":"max-snippet:-1","max-image-preview":"max-image-preview:large","max-video-preview":"max-video-preview:-1"},"canonical":"https:\/\/drbenoitbenoit.com\/fr\/mentions-legales\/","og_locale":"fr_CA","og_type":"article","og_title":"Mentions L\u00e9gales - Dr. Benoit Benoit - Chirurgien Orthop\u00e9dique","og_description":"Le site www.drbenoitbenoit.com que vous visitez actuellement est la propri\u00e9t\u00e9 de (\u00ab Beno\u00eet Beno\u00eet \u00bb), 5777 Boul Gouin O suite 370, Montr\u00e9al, QC H4J 1E3 (ci-apr\u00e8s : le \u00ab Site \u00bb). En acc\u00e9dant au Site et en naviguant sur celui-ci, vous acceptez les pr\u00e9sentes Conditions d\u2019utilisation. \u00c0 tout moment, Beno\u00eet Beno\u00eet se r\u00e9serve le droit [&hellip;]","og_url":"https:\/\/drbenoitbenoit.com\/fr\/mentions-legales\/","og_site_name":"Dr. Benoit Benoit - Chirurgien Orthop\u00e9dique","article_modified_time":"2024-04-21T13:34:02+00:00","og_image":[{"width":1920,"height":855,"url":"https:\/\/drbenoitbenoit.com\/wp-content\/uploads\/2024\/04\/4-Dr.-Benoit-19.png","type":"image\/png"}],"twitter_card":"summary_large_image","schema":{"@context":"https:\/\/schema.org","@graph":[{"@type":"WebPage","@id":"https:\/\/drbenoitbenoit.com\/fr\/mentions-legales\/","url":"https:\/\/drbenoitbenoit.com\/fr\/mentions-legales\/","name":"Mentions L\u00e9gales - Dr. Benoit Benoit - Chirurgien Orthop\u00e9dique","isPartOf":{"@id":"https:\/\/drbenoitbenoit.com\/fr\/#website"},"primaryImageOfPage":{"@id":"https:\/\/drbenoitbenoit.com\/fr\/mentions-legales\/#primaryimage"},"image":{"@id":"https:\/\/drbenoitbenoit.com\/fr\/mentions-legales\/#primaryimage"},"thumbnailUrl":"https:\/\/drbenoitbenoit.com\/wp-content\/uploads\/2024\/04\/4-Dr.-Benoit-19.png","datePublished":"2024-04-21T12:48:22+00:00","dateModified":"2024-04-21T13:34:02+00:00","breadcrumb":{"@id":"https:\/\/drbenoitbenoit.com\/fr\/mentions-legales\/#breadcrumb"},"inLanguage":"fr-CA","potentialAction":[{"@type":"ReadAction","target":["https:\/\/drbenoitbenoit.com\/fr\/mentions-legales\/"]}]},{"@type":"ImageObject","inLanguage":"fr-CA","@id":"https:\/\/drbenoitbenoit.com\/fr\/mentions-legales\/#primaryimage","url":"https:\/\/drbenoitbenoit.com\/wp-content\/uploads\/2024\/04\/4-Dr.-Benoit-19.png","contentUrl":"https:\/\/drbenoitbenoit.com\/wp-content\/uploads\/2024\/04\/4-Dr.-Benoit-19.png","width":1920,"height":855},{"@type":"BreadcrumbList","@id":"https:\/\/drbenoitbenoit.com\/fr\/mentions-legales\/#breadcrumb","itemListElement":[{"@type":"ListItem","position":1,"name":"Accueil","item":"https:\/\/drbenoitbenoit.com\/fr\/"},{"@type":"ListItem","position":2,"name":"Mentions L\u00e9gales"}]},{"@type":"WebSite","@id":"https:\/\/drbenoitbenoit.com\/fr\/#website","url":"https:\/\/drbenoitbenoit.com\/fr\/","name":"Dr. Benoit Benoit - Chirurgien Orthop\u00e9dique","description":"","publisher":{"@id":"https:\/\/drbenoitbenoit.com\/fr\/#organization"},"potentialAction":[{"@type":"SearchAction","target":{"@type":"EntryPoint","urlTemplate":"https:\/\/drbenoitbenoit.com\/fr\/?s={search_term_string}"},"query-input":{"@type":"PropertyValueSpecification","valueRequired":true,"valueName":"search_term_string"}}],"inLanguage":"fr-CA"},{"@type":"Organization","@id":"https:\/\/drbenoitbenoit.com\/fr\/#organization","name":"Dr Benoit Benoit","url":"https:\/\/drbenoitbenoit.com\/fr\/","logo":{"@type":"ImageObject","inLanguage":"fr-CA","@id":"https:\/\/drbenoitbenoit.com\/fr\/#\/schema\/logo\/image\/","url":"https:\/\/drbenoitbenoit.com\/wp-content\/uploads\/2022\/04\/cropped-Favicon-Dr-Benoit_2022-1.png","contentUrl":"https:\/\/drbenoitbenoit.com\/wp-content\/uploads\/2022\/04\/cropped-Favicon-Dr-Benoit_2022-1.png","width":512,"height":512,"caption":"Dr Benoit Benoit"},"image":{"@id":"https:\/\/drbenoitbenoit.com\/fr\/#\/schema\/logo\/image\/"}}]}},"_links":{"self":[{"href":"https:\/\/drbenoitbenoit.com\/fr\/wp-json\/wp\/v2\/pages\/9438","targetHints":{"allow":["GET"]}}],"collection":[{"href":"https:\/\/drbenoitbenoit.com\/fr\/wp-json\/wp\/v2\/pages"}],"about":[{"href":"https:\/\/drbenoitbenoit.com\/fr\/wp-json\/wp\/v2\/types\/page"}],"author":[{"embeddable":true,"href":"https:\/\/drbenoitbenoit.com\/fr\/wp-json\/wp\/v2\/users\/990069"}],"replies":[{"embeddable":true,"href":"https:\/\/drbenoitbenoit.com\/fr\/wp-json\/wp\/v2\/comments?post=9438"}],"version-history":[{"count":5,"href":"https:\/\/drbenoitbenoit.com\/fr\/wp-json\/wp\/v2\/pages\/9438\/revisions"}],"predecessor-version":[{"id":9466,"href":"https:\/\/drbenoitbenoit.com\/fr\/wp-json\/wp\/v2\/pages\/9438\/revisions\/9466"}],"wp:featuredmedia":[{"embeddable":true,"href":"https:\/\/drbenoitbenoit.com\/fr\/wp-json\/wp\/v2\/media\/9349"}],"wp:attachment":[{"href":"https:\/\/drbenoitbenoit.com\/fr\/wp-json\/wp\/v2\/media?parent=9438"}],"curies":[{"name":"wp","href":"https:\/\/api.w.org\/{rel}","templated":true}]}}