{"id":7872,"date":"2019-12-12T12:45:32","date_gmt":"2019-12-12T12:45:32","guid":{"rendered":"https:\/\/demo.goodlayers.com\/mediz\/hospital\/?page_id=7861"},"modified":"2026-03-27T18:42:48","modified_gmt":"2026-03-27T18:42:48","slug":"acceuil","status":"publish","type":"page","link":"https:\/\/drbenoitbenoit.com\/fr\/","title":{"rendered":"Accueil"},"content":{"rendered":"\n<div class=\"wp-block-themepunch-revslider revslider\" data-modal=\"false\" data-slidertitle=\"new fr\" style=\"\">\n\t\t\t\t<p class=\"rs-p-wp-fix\"><\/p>\n\t\t\t\t<sr7-module data-alias=\"slide-chris-1-1\" data-id=\"13\" id=\"SR7_13_1\" class=\"rs-ov-hidden\" data-version=\"6.7.28\">\n\t\t\t\t\t<sr7-adjuster><\/sr7-adjuster>\n\t\t\t\t\t<sr7-content>\n\t\t\t\t\t\t<sr7-slide id=\"SR7_13_1-32\" data-key=\"32\">\n\t\t\t\t\t\t\t<sr7-txt id=\"SR7_13_1-32-2\" class=\"sr7-layer\">Dr. Beno\u00eet Beno\u00eet<\/sr7-txt>\n\t\t\t\t\t\t\t<sr7-txt id=\"SR7_13_1-32-4\" class=\"sr7-layer\">Chirurgien orthop\u00e9dique<\/sr7-txt>\n\t\t\t\t\t\t\t<sr7-txt id=\"SR7_13_1-32-5\" class=\"sr7-layer\">Dr. Benoit Benoit est un chirurgien orthop\u00e9dique r\u00e9put\u00e9 \u00e0 Montr\u00e9al, sp\u00e9cialis\u00e9 dans la chirurgie orthop\u00e9dique, y compris le remplacement de la hanche et le remplacement du genou.<br \/>\n<br \/>\nContribuant \u00e0 de nombreux articles scientifiques et s'impliquant dans l'avancement de son domaine, il joue un r\u00f4le actif dans la formation des m\u00e9decins r\u00e9sidents et internationaux.<\/sr7-txt>\n\t\t\t\t\t\t\t<a id=\"SR7_13_1-32-7\" class=\"sr7-layer\" href=\"https:\/\/drbenoitbenoit.com\/fr\/remplacement-hanche\/\" target=\"_self\">HANCHE<\/a>\n\t\t\t\t\t\t\t<a id=\"SR7_13_1-32-8\" class=\"sr7-layer\" href=\"https:\/\/drbenoitbenoit.com\/fr\/remplacement-genou\/\" target=\"_self\">GENOU<\/a>\n\t\t\t\t\t\t<\/sr7-slide>\n\t\t\t\t\t\t<sr7-slide id=\"SR7_13_1-33\" data-key=\"33\">\n\t\t\t\t\t\t<\/sr7-slide>\n\t\t\t\t\t<\/sr7-content>\n\t\t\t\t<\/sr7-module>\n\t\t\t\t<script>\n\t\t\t\t\tSR7.PMH ??={}; SR7.PMH[\"SR7_13_1\"] = {cn:100,state:false,fn: function() { if (_tpt!==undefined && _tpt.prepareModuleHeight !== undefined) {  _tpt.prepareModuleHeight({id:\"SR7_13_1\",el:[950,950,950,950,400],type:'standard',shdw:'0',gh:[950,950,950,950,400],gw:[2000,2000,2000,2000,480],vpt:['-100px&#039;,&#039;-100px&#039;,&#039;-100px&#039;,&#039;-100px&#039;,&#039;-100px'],size:{fullWidth:true, fullHeight:false},mh:'0',onh:0,onw:0,bg:{color:'{\"orig\":\"transparent\",\"type\":\"solid\",\"string\":\"transparent\"}'}});   SR7.PMH[\"SR7_13_1\"].state=true;} else if(SR7.PMH[\"SR7_13_1\"].cn-->0)\tsetTimeout( SR7.PMH[\"SR7_13_1\"].fn,19);}};SR7.PMH[\"SR7_13_1\" ].fn();\n\t\t\t\t<\/script>\n<\/div>\n","protected":false},"excerpt":{"rendered":"","protected":false},"author":990069,"featured_media":0,"parent":0,"menu_order":0,"comment_status":"closed","ping_status":"closed","template":"","meta":{"footnotes":""},"class_list":["post-7872","page","type-page","status-publish","hentry"],"yoast_head":"<!-- This site is optimized with the Yoast SEO plugin v27.4 - https:\/\/yoast.com\/product\/yoast-seo-wordpress\/ -->\n<title>Clinique orthop\u00e9dique \u00e0 Montr\u00e9al | Dr. Benoit Benoit<\/title>\n<meta name=\"description\" content=\"Dr. Benoit Benoit, chirurgien orthop\u00e9dique \u00e0 Montr\u00e9al, expert en chirurgie du genou et de la hanche. Consultation sp\u00e9cialis\u00e9e et prise en charge personnalis\u00e9e.\" \/>\n<meta name=\"robots\" content=\"index, follow, max-snippet:-1, max-image-preview:large, max-video-preview:-1\" \/>\n<link rel=\"canonical\" href=\"https:\/\/drbenoitbenoit.com\/fr\/\" \/>\n<meta property=\"og:locale\" content=\"fr_CA\" \/>\n<meta property=\"og:type\" content=\"article\" \/>\n<meta property=\"og:title\" content=\"Clinique orthop\u00e9dique \u00e0 Montr\u00e9al | Dr. Benoit Benoit\" \/>\n<meta property=\"og:description\" content=\"Dr. Benoit Benoit, chirurgien orthop\u00e9dique \u00e0 Montr\u00e9al, expert en chirurgie du genou et de la hanche. Consultation sp\u00e9cialis\u00e9e et prise en charge personnalis\u00e9e.\" \/>\n<meta property=\"og:url\" content=\"https:\/\/drbenoitbenoit.com\/fr\/\" \/>\n<meta property=\"og:site_name\" content=\"Dr. Benoit Benoit - Chirurgien Orthop\u00e9dique\" \/>\n<meta property=\"article:modified_time\" content=\"2026-03-27T18:42:48+00:00\" \/>\n<meta property=\"og:image\" content=\"https:\/\/drbenoitbenoit.com\/wp-content\/uploads\/2024\/01\/Dr-Benoit_costume-operatoire_mobile-3.jpg\" \/>\n\t<meta property=\"og:image:width\" content=\"1951\" \/>\n\t<meta property=\"og:image:height\" content=\"870\" \/>\n\t<meta property=\"og:image:type\" content=\"image\/jpeg\" \/>\n<meta name=\"twitter:card\" content=\"summary_large_image\" \/>\n<script type=\"application\/ld+json\" class=\"yoast-schema-graph\">{\"@context\":\"https:\\\/\\\/schema.org\",\"@graph\":[{\"@type\":\"WebPage\",\"@id\":\"https:\\\/\\\/drbenoitbenoit.com\\\/fr\\\/\",\"url\":\"https:\\\/\\\/drbenoitbenoit.com\\\/fr\\\/\",\"name\":\"Clinique orthop\u00e9dique \u00e0 Montr\u00e9al | Dr. Benoit Benoit\",\"isPartOf\":{\"@id\":\"https:\\\/\\\/drbenoitbenoit.com\\\/fr\\\/#website\"},\"datePublished\":\"2019-12-12T12:45:32+00:00\",\"dateModified\":\"2026-03-27T18:42:48+00:00\",\"description\":\"Dr. Benoit Benoit, chirurgien orthop\u00e9dique \u00e0 Montr\u00e9al, expert en chirurgie du genou et de la hanche. Consultation sp\u00e9cialis\u00e9e et prise en charge personnalis\u00e9e.\",\"breadcrumb\":{\"@id\":\"https:\\\/\\\/drbenoitbenoit.com\\\/fr\\\/#breadcrumb\"},\"inLanguage\":\"fr-CA\",\"potentialAction\":[{\"@type\":\"ReadAction\",\"target\":[\"https:\\\/\\\/drbenoitbenoit.com\\\/fr\\\/\"]}]},{\"@type\":\"BreadcrumbList\",\"@id\":\"https:\\\/\\\/drbenoitbenoit.com\\\/fr\\\/#breadcrumb\",\"itemListElement\":[{\"@type\":\"ListItem\",\"position\":1,\"name\":\"Accueil\",\"item\":\"https:\\\/\\\/drbenoitbenoit.com\\\/fr\\\/\"},{\"@type\":\"ListItem\",\"position\":2,\"name\":\"Accueil\"}]},{\"@type\":\"WebSite\",\"@id\":\"https:\\\/\\\/drbenoitbenoit.com\\\/fr\\\/#website\",\"url\":\"https:\\\/\\\/drbenoitbenoit.com\\\/fr\\\/\",\"name\":\"Dr. Benoit Benoit - Chirurgien Orthop\u00e9dique\",\"description\":\"\",\"publisher\":{\"@id\":\"https:\\\/\\\/drbenoitbenoit.com\\\/fr\\\/#organization\"},\"potentialAction\":[{\"@type\":\"SearchAction\",\"target\":{\"@type\":\"EntryPoint\",\"urlTemplate\":\"https:\\\/\\\/drbenoitbenoit.com\\\/fr\\\/?s={search_term_string}\"},\"query-input\":{\"@type\":\"PropertyValueSpecification\",\"valueRequired\":true,\"valueName\":\"search_term_string\"}}],\"inLanguage\":\"fr-CA\"},{\"@type\":\"Organization\",\"@id\":\"https:\\\/\\\/drbenoitbenoit.com\\\/fr\\\/#organization\",\"name\":\"Dr Benoit Benoit\",\"url\":\"https:\\\/\\\/drbenoitbenoit.com\\\/fr\\\/\",\"logo\":{\"@type\":\"ImageObject\",\"inLanguage\":\"fr-CA\",\"@id\":\"https:\\\/\\\/drbenoitbenoit.com\\\/fr\\\/#\\\/schema\\\/logo\\\/image\\\/\",\"url\":\"https:\\\/\\\/drbenoitbenoit.com\\\/wp-content\\\/uploads\\\/2022\\\/04\\\/cropped-Favicon-Dr-Benoit_2022-1.png\",\"contentUrl\":\"https:\\\/\\\/drbenoitbenoit.com\\\/wp-content\\\/uploads\\\/2022\\\/04\\\/cropped-Favicon-Dr-Benoit_2022-1.png\",\"width\":512,\"height\":512,\"caption\":\"Dr Benoit Benoit\"},\"image\":{\"@id\":\"https:\\\/\\\/drbenoitbenoit.com\\\/fr\\\/#\\\/schema\\\/logo\\\/image\\\/\"}}]}<\/script>\n<!-- \/ Yoast SEO plugin. -->","yoast_head_json":{"title":"Clinique orthop\u00e9dique \u00e0 Montr\u00e9al | Dr. Benoit Benoit","description":"Dr. Benoit Benoit, chirurgien orthop\u00e9dique \u00e0 Montr\u00e9al, expert en chirurgie du genou et de la hanche. Consultation sp\u00e9cialis\u00e9e et prise en charge personnalis\u00e9e.","robots":{"index":"index","follow":"follow","max-snippet":"max-snippet:-1","max-image-preview":"max-image-preview:large","max-video-preview":"max-video-preview:-1"},"canonical":"https:\/\/drbenoitbenoit.com\/fr\/","og_locale":"fr_CA","og_type":"article","og_title":"Clinique orthop\u00e9dique \u00e0 Montr\u00e9al | Dr. Benoit Benoit","og_description":"Dr. Benoit Benoit, chirurgien orthop\u00e9dique \u00e0 Montr\u00e9al, expert en chirurgie du genou et de la hanche. Consultation sp\u00e9cialis\u00e9e et prise en charge personnalis\u00e9e.","og_url":"https:\/\/drbenoitbenoit.com\/fr\/","og_site_name":"Dr. Benoit Benoit - Chirurgien Orthop\u00e9dique","article_modified_time":"2026-03-27T18:42:48+00:00","og_image":[{"width":1951,"height":870,"url":"https:\/\/drbenoitbenoit.com\/wp-content\/uploads\/2024\/01\/Dr-Benoit_costume-operatoire_mobile-3.jpg","type":"image\/jpeg"}],"twitter_card":"summary_large_image","schema":{"@context":"https:\/\/schema.org","@graph":[{"@type":"WebPage","@id":"https:\/\/drbenoitbenoit.com\/fr\/","url":"https:\/\/drbenoitbenoit.com\/fr\/","name":"Clinique orthop\u00e9dique \u00e0 Montr\u00e9al | Dr. Benoit Benoit","isPartOf":{"@id":"https:\/\/drbenoitbenoit.com\/fr\/#website"},"datePublished":"2019-12-12T12:45:32+00:00","dateModified":"2026-03-27T18:42:48+00:00","description":"Dr. Benoit Benoit, chirurgien orthop\u00e9dique \u00e0 Montr\u00e9al, expert en chirurgie du genou et de la hanche. Consultation sp\u00e9cialis\u00e9e et prise en charge personnalis\u00e9e.","breadcrumb":{"@id":"https:\/\/drbenoitbenoit.com\/fr\/#breadcrumb"},"inLanguage":"fr-CA","potentialAction":[{"@type":"ReadAction","target":["https:\/\/drbenoitbenoit.com\/fr\/"]}]},{"@type":"BreadcrumbList","@id":"https:\/\/drbenoitbenoit.com\/fr\/#breadcrumb","itemListElement":[{"@type":"ListItem","position":1,"name":"Accueil","item":"https:\/\/drbenoitbenoit.com\/fr\/"},{"@type":"ListItem","position":2,"name":"Accueil"}]},{"@type":"WebSite","@id":"https:\/\/drbenoitbenoit.com\/fr\/#website","url":"https:\/\/drbenoitbenoit.com\/fr\/","name":"Dr. Benoit Benoit - Chirurgien Orthop\u00e9dique","description":"","publisher":{"@id":"https:\/\/drbenoitbenoit.com\/fr\/#organization"},"potentialAction":[{"@type":"SearchAction","target":{"@type":"EntryPoint","urlTemplate":"https:\/\/drbenoitbenoit.com\/fr\/?s={search_term_string}"},"query-input":{"@type":"PropertyValueSpecification","valueRequired":true,"valueName":"search_term_string"}}],"inLanguage":"fr-CA"},{"@type":"Organization","@id":"https:\/\/drbenoitbenoit.com\/fr\/#organization","name":"Dr Benoit Benoit","url":"https:\/\/drbenoitbenoit.com\/fr\/","logo":{"@type":"ImageObject","inLanguage":"fr-CA","@id":"https:\/\/drbenoitbenoit.com\/fr\/#\/schema\/logo\/image\/","url":"https:\/\/drbenoitbenoit.com\/wp-content\/uploads\/2022\/04\/cropped-Favicon-Dr-Benoit_2022-1.png","contentUrl":"https:\/\/drbenoitbenoit.com\/wp-content\/uploads\/2022\/04\/cropped-Favicon-Dr-Benoit_2022-1.png","width":512,"height":512,"caption":"Dr Benoit Benoit"},"image":{"@id":"https:\/\/drbenoitbenoit.com\/fr\/#\/schema\/logo\/image\/"}}]}},"_links":{"self":[{"href":"https:\/\/drbenoitbenoit.com\/fr\/wp-json\/wp\/v2\/pages\/7872","targetHints":{"allow":["GET"]}}],"collection":[{"href":"https:\/\/drbenoitbenoit.com\/fr\/wp-json\/wp\/v2\/pages"}],"about":[{"href":"https:\/\/drbenoitbenoit.com\/fr\/wp-json\/wp\/v2\/types\/page"}],"author":[{"embeddable":true,"href":"https:\/\/drbenoitbenoit.com\/fr\/wp-json\/wp\/v2\/users\/990069"}],"replies":[{"embeddable":true,"href":"https:\/\/drbenoitbenoit.com\/fr\/wp-json\/wp\/v2\/comments?post=7872"}],"version-history":[{"count":5,"href":"https:\/\/drbenoitbenoit.com\/fr\/wp-json\/wp\/v2\/pages\/7872\/revisions"}],"predecessor-version":[{"id":11634,"href":"https:\/\/drbenoitbenoit.com\/fr\/wp-json\/wp\/v2\/pages\/7872\/revisions\/11634"}],"wp:attachment":[{"href":"https:\/\/drbenoitbenoit.com\/fr\/wp-json\/wp\/v2\/media?parent=7872"}],"curies":[{"name":"wp","href":"https:\/\/api.w.org\/{rel}","templated":true}]}}