{"id":11075,"date":"2025-04-24T23:31:06","date_gmt":"2025-04-24T23:31:06","guid":{"rendered":"https:\/\/drbenoitbenoit.com\/?page_id=11075"},"modified":"2025-04-30T23:07:52","modified_gmt":"2025-04-30T23:07:52","slug":"private-medical-transport","status":"publish","type":"page","link":"https:\/\/drbenoitbenoit.com\/fr\/private-medical-transport\/","title":{"rendered":"Transport M\u00e9dical Priv\u00e9"},"content":{"rendered":"","protected":false},"excerpt":{"rendered":"","protected":false},"author":990069,"featured_media":0,"parent":0,"menu_order":0,"comment_status":"closed","ping_status":"closed","template":"","meta":{"footnotes":""},"class_list":["post-11075","page","type-page","status-publish","hentry"],"yoast_head":"<!-- This site is optimized with the Yoast SEO plugin v27.4 - https:\/\/yoast.com\/product\/yoast-seo-wordpress\/ -->\n<title>Transport M\u00e9dical Priv\u00e9 - Dr. Benoit Benoit - Chirurgien Orthop\u00e9dique<\/title>\n<meta name=\"robots\" content=\"index, follow, max-snippet:-1, max-image-preview:large, max-video-preview:-1\" \/>\n<link rel=\"canonical\" href=\"https:\/\/drbenoitbenoit.com\/fr\/private-medical-transport\/\" \/>\n<meta property=\"og:locale\" content=\"fr_CA\" \/>\n<meta property=\"og:type\" content=\"article\" \/>\n<meta property=\"og:title\" content=\"Transport M\u00e9dical Priv\u00e9 - Dr. Benoit Benoit - Chirurgien Orthop\u00e9dique\" \/>\n<meta property=\"og:url\" content=\"https:\/\/drbenoitbenoit.com\/fr\/private-medical-transport\/\" \/>\n<meta property=\"og:site_name\" content=\"Dr. Benoit Benoit - Chirurgien Orthop\u00e9dique\" \/>\n<meta property=\"article:modified_time\" content=\"2025-04-30T23:07:52+00:00\" \/>\n<meta property=\"og:image\" content=\"https:\/\/drbenoitbenoit.com\/wp-content\/uploads\/2024\/01\/Dr-Benoit_costume-operatoire_mobile-3.jpg\" \/>\n\t<meta property=\"og:image:width\" content=\"1951\" \/>\n\t<meta property=\"og:image:height\" content=\"870\" \/>\n\t<meta property=\"og:image:type\" content=\"image\/jpeg\" \/>\n<meta name=\"twitter:card\" content=\"summary_large_image\" \/>\n<script type=\"application\/ld+json\" class=\"yoast-schema-graph\">{\"@context\":\"https:\\\/\\\/schema.org\",\"@graph\":[{\"@type\":\"WebPage\",\"@id\":\"https:\\\/\\\/drbenoitbenoit.com\\\/fr\\\/private-medical-transport\\\/\",\"url\":\"https:\\\/\\\/drbenoitbenoit.com\\\/fr\\\/private-medical-transport\\\/\",\"name\":\"Transport M\u00e9dical Priv\u00e9 - Dr. Benoit Benoit - Chirurgien Orthop\u00e9dique\",\"isPartOf\":{\"@id\":\"https:\\\/\\\/drbenoitbenoit.com\\\/fr\\\/#website\"},\"datePublished\":\"2025-04-24T23:31:06+00:00\",\"dateModified\":\"2025-04-30T23:07:52+00:00\",\"breadcrumb\":{\"@id\":\"https:\\\/\\\/drbenoitbenoit.com\\\/fr\\\/private-medical-transport\\\/#breadcrumb\"},\"inLanguage\":\"fr-CA\",\"potentialAction\":[{\"@type\":\"ReadAction\",\"target\":[\"https:\\\/\\\/drbenoitbenoit.com\\\/fr\\\/private-medical-transport\\\/\"]}]},{\"@type\":\"BreadcrumbList\",\"@id\":\"https:\\\/\\\/drbenoitbenoit.com\\\/fr\\\/private-medical-transport\\\/#breadcrumb\",\"itemListElement\":[{\"@type\":\"ListItem\",\"position\":1,\"name\":\"Accueil\",\"item\":\"https:\\\/\\\/drbenoitbenoit.com\\\/fr\\\/\"},{\"@type\":\"ListItem\",\"position\":2,\"name\":\"Transport M\u00e9dical Priv\u00e9\"}]},{\"@type\":\"WebSite\",\"@id\":\"https:\\\/\\\/drbenoitbenoit.com\\\/fr\\\/#website\",\"url\":\"https:\\\/\\\/drbenoitbenoit.com\\\/fr\\\/\",\"name\":\"Dr. Benoit Benoit - Chirurgien Orthop\u00e9dique\",\"description\":\"\",\"publisher\":{\"@id\":\"https:\\\/\\\/drbenoitbenoit.com\\\/fr\\\/#organization\"},\"potentialAction\":[{\"@type\":\"SearchAction\",\"target\":{\"@type\":\"EntryPoint\",\"urlTemplate\":\"https:\\\/\\\/drbenoitbenoit.com\\\/fr\\\/?s={search_term_string}\"},\"query-input\":{\"@type\":\"PropertyValueSpecification\",\"valueRequired\":true,\"valueName\":\"search_term_string\"}}],\"inLanguage\":\"fr-CA\"},{\"@type\":\"Organization\",\"@id\":\"https:\\\/\\\/drbenoitbenoit.com\\\/fr\\\/#organization\",\"name\":\"Dr Benoit Benoit\",\"url\":\"https:\\\/\\\/drbenoitbenoit.com\\\/fr\\\/\",\"logo\":{\"@type\":\"ImageObject\",\"inLanguage\":\"fr-CA\",\"@id\":\"https:\\\/\\\/drbenoitbenoit.com\\\/fr\\\/#\\\/schema\\\/logo\\\/image\\\/\",\"url\":\"https:\\\/\\\/drbenoitbenoit.com\\\/wp-content\\\/uploads\\\/2022\\\/04\\\/cropped-Favicon-Dr-Benoit_2022-1.png\",\"contentUrl\":\"https:\\\/\\\/drbenoitbenoit.com\\\/wp-content\\\/uploads\\\/2022\\\/04\\\/cropped-Favicon-Dr-Benoit_2022-1.png\",\"width\":512,\"height\":512,\"caption\":\"Dr Benoit Benoit\"},\"image\":{\"@id\":\"https:\\\/\\\/drbenoitbenoit.com\\\/fr\\\/#\\\/schema\\\/logo\\\/image\\\/\"}}]}<\/script>\n<!-- \/ Yoast SEO plugin. -->","yoast_head_json":{"title":"Transport M\u00e9dical Priv\u00e9 - Dr. Benoit Benoit - Chirurgien Orthop\u00e9dique","robots":{"index":"index","follow":"follow","max-snippet":"max-snippet:-1","max-image-preview":"max-image-preview:large","max-video-preview":"max-video-preview:-1"},"canonical":"https:\/\/drbenoitbenoit.com\/fr\/private-medical-transport\/","og_locale":"fr_CA","og_type":"article","og_title":"Transport M\u00e9dical Priv\u00e9 - Dr. Benoit Benoit - Chirurgien Orthop\u00e9dique","og_url":"https:\/\/drbenoitbenoit.com\/fr\/private-medical-transport\/","og_site_name":"Dr. Benoit Benoit - Chirurgien Orthop\u00e9dique","article_modified_time":"2025-04-30T23:07:52+00:00","og_image":[{"width":1951,"height":870,"url":"https:\/\/drbenoitbenoit.com\/wp-content\/uploads\/2024\/01\/Dr-Benoit_costume-operatoire_mobile-3.jpg","type":"image\/jpeg"}],"twitter_card":"summary_large_image","schema":{"@context":"https:\/\/schema.org","@graph":[{"@type":"WebPage","@id":"https:\/\/drbenoitbenoit.com\/fr\/private-medical-transport\/","url":"https:\/\/drbenoitbenoit.com\/fr\/private-medical-transport\/","name":"Transport M\u00e9dical Priv\u00e9 - Dr. Benoit Benoit - Chirurgien Orthop\u00e9dique","isPartOf":{"@id":"https:\/\/drbenoitbenoit.com\/fr\/#website"},"datePublished":"2025-04-24T23:31:06+00:00","dateModified":"2025-04-30T23:07:52+00:00","breadcrumb":{"@id":"https:\/\/drbenoitbenoit.com\/fr\/private-medical-transport\/#breadcrumb"},"inLanguage":"fr-CA","potentialAction":[{"@type":"ReadAction","target":["https:\/\/drbenoitbenoit.com\/fr\/private-medical-transport\/"]}]},{"@type":"BreadcrumbList","@id":"https:\/\/drbenoitbenoit.com\/fr\/private-medical-transport\/#breadcrumb","itemListElement":[{"@type":"ListItem","position":1,"name":"Accueil","item":"https:\/\/drbenoitbenoit.com\/fr\/"},{"@type":"ListItem","position":2,"name":"Transport M\u00e9dical Priv\u00e9"}]},{"@type":"WebSite","@id":"https:\/\/drbenoitbenoit.com\/fr\/#website","url":"https:\/\/drbenoitbenoit.com\/fr\/","name":"Dr. Benoit Benoit - Chirurgien Orthop\u00e9dique","description":"","publisher":{"@id":"https:\/\/drbenoitbenoit.com\/fr\/#organization"},"potentialAction":[{"@type":"SearchAction","target":{"@type":"EntryPoint","urlTemplate":"https:\/\/drbenoitbenoit.com\/fr\/?s={search_term_string}"},"query-input":{"@type":"PropertyValueSpecification","valueRequired":true,"valueName":"search_term_string"}}],"inLanguage":"fr-CA"},{"@type":"Organization","@id":"https:\/\/drbenoitbenoit.com\/fr\/#organization","name":"Dr Benoit Benoit","url":"https:\/\/drbenoitbenoit.com\/fr\/","logo":{"@type":"ImageObject","inLanguage":"fr-CA","@id":"https:\/\/drbenoitbenoit.com\/fr\/#\/schema\/logo\/image\/","url":"https:\/\/drbenoitbenoit.com\/wp-content\/uploads\/2022\/04\/cropped-Favicon-Dr-Benoit_2022-1.png","contentUrl":"https:\/\/drbenoitbenoit.com\/wp-content\/uploads\/2022\/04\/cropped-Favicon-Dr-Benoit_2022-1.png","width":512,"height":512,"caption":"Dr Benoit Benoit"},"image":{"@id":"https:\/\/drbenoitbenoit.com\/fr\/#\/schema\/logo\/image\/"}}]}},"_links":{"self":[{"href":"https:\/\/drbenoitbenoit.com\/fr\/wp-json\/wp\/v2\/pages\/11075","targetHints":{"allow":["GET"]}}],"collection":[{"href":"https:\/\/drbenoitbenoit.com\/fr\/wp-json\/wp\/v2\/pages"}],"about":[{"href":"https:\/\/drbenoitbenoit.com\/fr\/wp-json\/wp\/v2\/types\/page"}],"author":[{"embeddable":true,"href":"https:\/\/drbenoitbenoit.com\/fr\/wp-json\/wp\/v2\/users\/990069"}],"replies":[{"embeddable":true,"href":"https:\/\/drbenoitbenoit.com\/fr\/wp-json\/wp\/v2\/comments?post=11075"}],"version-history":[{"count":5,"href":"https:\/\/drbenoitbenoit.com\/fr\/wp-json\/wp\/v2\/pages\/11075\/revisions"}],"predecessor-version":[{"id":11127,"href":"https:\/\/drbenoitbenoit.com\/fr\/wp-json\/wp\/v2\/pages\/11075\/revisions\/11127"}],"wp:attachment":[{"href":"https:\/\/drbenoitbenoit.com\/fr\/wp-json\/wp\/v2\/media?parent=11075"}],"curies":[{"name":"wp","href":"https:\/\/api.w.org\/{rel}","templated":true}]}}